{"id":592,"date":"2022-04-04T07:47:22","date_gmt":"2022-04-04T07:47:22","guid":{"rendered":"https:\/\/zukunftsforschende.de\/index.php\/home\/"},"modified":"2023-09-22T11:36:27","modified_gmt":"2023-09-22T10:36:27","slug":"home","status":"publish","type":"page","link":"https:\/\/zukunftsforschende.de\/","title":{"rendered":"Home"},"content":{"rendered":"\n<div class=\"wp-block-uagb-container uagb-block-90240a62 alignfull uagb-is-root-container\"><div class=\"uagb-container-inner-blocks-wrap\">\n<br \/><br \/><br \/><br \/>\n<\/div><\/div>\n\n\n\n<div class=\"wp-block-uagb-container uagb-block-3db2cb2a alignfull uagb-is-root-container\"><div class=\"uagb-container-inner-blocks-wrap\">\n<div class=\"wp-block-uagb-container uagb-block-cc48c883\">\n<div class=\"wp-block-uagb-advanced-heading uagb-block-4175656b\"><h6 class=\"uagb-heading-text\">Lerne die wichtigsten Dinge<\/h6><\/div>\n\n\n\n<div class=\"wp-block-uagb-advanced-heading uagb-block-7ec48b08\"><h1 class=\"uagb-heading-text\">Digitale Kompetenz<\/h1><p class=\"uagb-desc-text\">Du arbeitest in der IT und meinst alles zu kennen? Gerade in der Entwicklung der digitalen Kompetenzen kann man nicht weit genug sein.<\/p><\/div>\n\n\n\n<div class=\"wp-block-uagb-buttons uagb-buttons__outer-wrap uagb-btn__default-btn uagb-btn-tablet__default-btn uagb-btn-mobile__default-btn uagb-block-c57059ce\"><div class=\"uagb-buttons__wrap uagb-buttons-layout-wrap\">\n<div class=\"wp-block-uagb-buttons-child uagb-buttons__outer-wrap uagb-block-dbc7ab2b wp-block-button is-style-outline\"><div class=\"uagb-button__wrapper\"><a class=\"uagb-buttons-repeater wp-block-button__link\" href=\"https:\/\/zukunftsforschende.de\/index.php\/digitale-kompetenzen\/\" onclick=\"return true;\" rel=\"follow noopener\" target=\"_self\"><div class=\"uagb-button__link\">Lerne mehr dar\u00fcber<\/div><span class=\"uagb-button__icon uagb-button__icon-position-after\"><svg xmlns=\"https:\/\/www.w3.org\/2000\/svg\" viewBox=\"0 0 448 512\"><path d=\"M438.6 278.6l-160 160C272.4 444.9 264.2 448 256 448s-16.38-3.125-22.62-9.375c-12.5-12.5-12.5-32.75 0-45.25L338.8 288H32C14.33 288 .0016 273.7 .0016 256S14.33 224 32 224h306.8l-105.4-105.4c-12.5-12.5-12.5-32.75 0-45.25s32.75-12.5 45.25 0l160 160C451.1 245.9 451.1 266.1 438.6 278.6z\"><\/path><\/svg><\/span><\/a><\/div><\/div>\n<\/div><\/div>\n<\/div>\n\n\n\n<div class=\"wp-block-uagb-container uagb-block-405ec0a2\">\n<div class=\"wp-block-uagb-image alignright uagb-block-3b4354dd wp-block-uagb-image--layout-default wp-block-uagb-image--effect-static wp-block-uagb-image--align-right\"><figure class=\"wp-block-uagb-image__figure\"><img decoding=\"async\" srcset=\"https:\/\/zukunftsforschende.de\/wp-content\/uploads\/2021\/01\/webinar-landing-template-hero-woman-img.png \" sizes=\"auto, (max-width: 480px) 150px\" src=\"https:\/\/zukunftsforschende.de\/wp-content\/uploads\/2021\/01\/webinar-landing-template-hero-woman-img.png\" alt=\"\" class=\"uag-image-471\" width=\"234\" height=\"65\" title=\"\" loading=\"lazy\"\/><\/figure><\/div>\n<\/div>\n<\/div><\/div>\n\n\n\n<div class=\"wp-block-uagb-container uagb-block-6eae196e alignfull uagb-is-root-container\"><div class=\"uagb-container-inner-blocks-wrap\">\n<div class=\"wp-block-uagb-container uagb-block-b24e5738\">\n<div class=\"wp-block-uagb-container uagb-block-fb7ac1a2\">\n<div class=\"wp-block-uagb-advanced-heading uagb-block-bfd95210\"><h2 class=\"uagb-heading-text\">Was sind digitale Kompetenzen?<\/h2><\/div>\n<\/div>\n\n\n\n<div class=\"wp-block-uagb-container uagb-block-acc37d53\">\n<div class=\"wp-block-uagb-advanced-heading uagb-block-d6971f86\"><p class=\"uagb-heading-text\"><br>Digitale Kompetenzen sollen dem Inhaber oder der Inhaberin erm\u00f6glichen, sich in der digitalen Welt zurecht zu finden.<\/p><\/div>\n\n\n\n<p>Im Groben wird in 5 Kompetenzbereiche unterschieden.<br>Diese werden Lernkompetenzen genannt.<\/p>\n<\/div>\n<\/div>\n\n\n\n<div class=\"wp-block-uagb-container uagb-block-13b363b5 default uagb-is-root-container\">\n<div class=\"wp-block-uagb-container uagb-block-69b8a3be\">\n<div class=\"wp-block-uagb-advanced-heading uagb-block-5aab621b\"><h6 class=\"uagb-heading-text\">01.<\/h6><\/div>\n\n\n\n<div class=\"wp-block-uagb-advanced-heading uagb-block-5dd2286f\"><h4 class=\"uagb-heading-text\"><a href=\"https:\/\/zukunftsforschende.de\/index.php\/lehrkompetenz-kooperieren\/\" data-type=\"page\" data-id=\"91\">Probleml\u00f6sung<\/a><\/h4><p class=\"uagb-desc-text\">Probleme erkennen, analysieren und mit entsprechenden Ma\u00dfnahmen dagegen wirken, ist eine Basiskompetenz mit der du direkt anfangen kannst. <\/p><\/div>\n<\/div>\n\n\n\n<div class=\"wp-block-uagb-container uagb-block-3d503e2f\">\n<div class=\"wp-block-uagb-advanced-heading uagb-block-1f38b397\"><h6 class=\"uagb-heading-text\">02.<\/h6><\/div>\n\n\n\n<div class=\"wp-block-uagb-advanced-heading uagb-block-b6f20811\"><h4 class=\"uagb-heading-text\"><a href=\"https:\/\/zukunftsforschende.de\/index.php\/lernkompetenz-erstellen-von-informationen\/\" data-type=\"page\" data-id=\"96\">Erstellen von Informationen<\/a><\/h4><p class=\"uagb-desc-text\">Sie umfasst die F\u00e4higkeit, ansprechende und relevante Inhalte f\u00fcr verschiedene Plattformen und Medienformate zu erstellen.<\/p><\/div>\n<\/div>\n\n\n\n<div class=\"wp-block-uagb-container uagb-block-e1b886a0\">\n<div class=\"wp-block-uagb-advanced-heading uagb-block-b5a87244\"><h6 class=\"uagb-heading-text\">03.<\/h6><\/div>\n\n\n\n<div class=\"wp-block-uagb-advanced-heading uagb-block-cbc90de4\"><h4 class=\"uagb-heading-text\"><a href=\"https:\/\/zukunftsforschende.de\/index.php\/lernkompetenz-daten-und-informationen\/\" data-type=\"page\" data-id=\"94\">Daten und Informationen<\/a>\u200b<\/h4><p class=\"uagb-desc-text\">Sie bezieht sich auf die F\u00e4higkeit, Informationen zu suchen, zu bewerten, zu analysieren und effektiv zu nutzen.<\/p><\/div>\n<\/div>\n<\/div>\n\n\n\n<div class=\"wp-block-uagb-container uagb-block-b44b7344 default uagb-is-root-container\">\n<div class=\"wp-block-uagb-container uagb-block-ae2aabc1\">\n<div class=\"wp-block-uagb-advanced-heading uagb-block-c1c30368\"><h6 class=\"uagb-heading-text\">04.<\/h6><\/div>\n\n\n\n<div class=\"wp-block-uagb-advanced-heading uagb-block-da424d01\"><h4 class=\"uagb-heading-text\"><a href=\"https:\/\/zukunftsforschende.de\/index.php\/lernkompetenz-it-sicherheit\/\" data-type=\"page\" data-id=\"115\">IT-Sicherheit<\/a><\/h4><p class=\"uagb-desc-text\">Die Sicherheitsanforderungen an ein Unternehmen sind komplex. Diese Kompetenz soll es dir erm\u00f6glichen, g\u00e4ngige Konzepte zur IT-Sicherheit zu verstehen und die Ma\u00dfnahmen daraus entsprechend umzusetzen.<\/p><\/div>\n<\/div>\n\n\n\n<div class=\"wp-block-uagb-container uagb-block-1db932c8\">\n<div class=\"wp-block-uagb-advanced-heading uagb-block-649deb0c\"><h6 class=\"uagb-heading-text\">05.<\/h6><\/div>\n\n\n\n<div class=\"wp-block-uagb-advanced-heading uagb-block-d1d1b266\"><h4 class=\"uagb-heading-text\"><a href=\"https:\/\/zukunftsforschende.de\/index.php\/lehrkompetenz-kooperieren\/\" data-type=\"page\" data-id=\"91\">Kooperation \/ Soziale Kompetenz<\/a><\/h4><p class=\"uagb-desc-text\">Kooperatives Lernen kann sehr motivierend sein \u2013 weil grundlegende psychologische Bed\u00fcrfnisse wie soziale Zugeh\u00f6rigkeit und Kompetenzerleben angesprochen werden.<\/p><\/div>\n<\/div>\n\n\n\n<div class=\"wp-block-uagb-container uagb-block-f368cf40\"><\/div>\n<\/div>\n\n\n\n<div class=\"wp-block-uagb-container uagb-block-85779042 default uagb-is-root-container\">\n<div class=\"wp-block-uagb-container uagb-block-9418ab38\">\n<div class=\"wp-block-uagb-advanced-heading uagb-block-4a5c35fa\"><h3 class=\"uagb-heading-text\">Wenn du jetzt sagst, mich interessieren die Themen, dann schau dich auf unseren Seiten um.<\/h3><\/div>\n<\/div>\n\n\n\n<div class=\"wp-block-uagb-container uagb-block-27d78c1e\">\n<div class=\"wp-block-uagb-buttons uagb-buttons__outer-wrap uagb-btn__default-btn uagb-btn-tablet__default-btn uagb-btn-mobile__default-btn uagb-block-3da3ecf4\"><div class=\"uagb-buttons__wrap uagb-buttons-layout-wrap\">\n<div class=\"wp-block-uagb-buttons-child uagb-buttons__outer-wrap uagb-block-c3e9f19f wp-block-button is-style-outline\"><div class=\"uagb-button__wrapper\"><a class=\"uagb-buttons-repeater wp-block-button__link\" href=\"https:\/\/zukunftsforschende.de\/index.php\/digitale-kompetenzen\/\" onclick=\"return true;\" rel=\"follow noopener\" target=\"_self\"><div class=\"uagb-button__link\">Lerne mehr dar\u00fcber<\/div><span class=\"uagb-button__icon uagb-button__icon-position-after\"><svg xmlns=\"https:\/\/www.w3.org\/2000\/svg\" viewBox=\"0 0 448 512\"><path d=\"M438.6 278.6l-160 160C272.4 444.9 264.2 448 256 448s-16.38-3.125-22.62-9.375c-12.5-12.5-12.5-32.75 0-45.25L338.8 288H32C14.33 288 .0016 273.7 .0016 256S14.33 224 32 224h306.8l-105.4-105.4c-12.5-12.5-12.5-32.75 0-45.25s32.75-12.5 45.25 0l160 160C451.1 245.9 451.1 266.1 438.6 278.6z\"><\/path><\/svg><\/span><\/a><\/div><\/div>\n<\/div><\/div>\n<\/div>\n<\/div>\n<\/div><\/div>\n\n\n\n<div class=\"wp-block-uagb-container uagb-block-5d88ddb5 alignfull uagb-is-root-container\"><div class=\"uagb-container-inner-blocks-wrap\">\n<div class=\"wp-block-uagb-container uagb-block-455e0fe3\">\n<div class=\"wp-block-uagb-advanced-heading uagb-block-2b1a27be\"><h2 class=\"uagb-heading-text\">Finde deine digitale Kompetenzl\u00fccke<\/h2><p class=\"uagb-desc-text\">Jeder von uns hat irgendwo eine L\u00fccke in den digitalen Kompetenzen. Die Kunst ist es nun, diese zu erkennen und mit entsprechenden Trainings daran zu arbeiten.<\/p><\/div>\n\n\n\n<p>F\u00fcr den Start reichen 3 einfache Schritte aus:<\/p>\n\n\n\n<div class=\"wp-block-uagb-icon-list uagb-block-800bc88a\"><div class=\"uagb-icon-list__wrap\">\n<div class=\"wp-block-uagb-icon-list-child uagb-block-3797ed7e\"><span class=\"uagb-icon-list__source-wrap\"><svg xmlns=\"https:\/\/www.w3.org\/2000\/svg\" viewBox=\"0 0 512 512\"><path d=\"M512 256C512 397.4 397.4 512 256 512C114.6 512 0 397.4 0 256C0 114.6 114.6 0 256 0C397.4 0 512 114.6 512 256z\"><\/path><\/svg><\/span><span class=\"uagb-icon-list__label\">Mit dem Kompetenzrad deine L\u00fccke finden\u200b<\/span><\/div>\n\n\n\n<div class=\"wp-block-uagb-icon-list-child uagb-block-2b12a909\"><span class=\"uagb-icon-list__source-wrap\"><svg xmlns=\"https:\/\/www.w3.org\/2000\/svg\" viewBox=\"0 0 512 512\"><path d=\"M512 256C512 397.4 397.4 512 256 512C114.6 512 0 397.4 0 256C0 114.6 114.6 0 256 0C397.4 0 512 114.6 512 256z\"><\/path><\/svg><\/span><span class=\"uagb-icon-list__label\">Informiere dich \u00fcber die digitale Kompetenz\u200b<\/span><\/div>\n\n\n\n<div class=\"wp-block-uagb-icon-list-child uagb-block-526f8a1a\"><span class=\"uagb-icon-list__source-wrap\"><svg xmlns=\"https:\/\/www.w3.org\/2000\/svg\" viewBox=\"0 0 512 512\"><path d=\"M512 256C512 397.4 397.4 512 256 512C114.6 512 0 397.4 0 256C0 114.6 114.6 0 256 0C397.4 0 512 114.6 512 256z\"><\/path><\/svg><\/span><span class=\"uagb-icon-list__label\">Mache \u00dcbungen und Trainings, um die L\u00fccke zu schlie\u00dfen\u200b<\/span><\/div>\n<\/div><\/div>\n\n\n\n<div class=\"wp-block-uagb-buttons uagb-buttons__outer-wrap uagb-btn__default-btn uagb-btn-tablet__default-btn uagb-btn-mobile__default-btn uagb-block-ed312cbe\"><div class=\"uagb-buttons__wrap uagb-buttons-layout-wrap\">\n<div class=\"wp-block-uagb-buttons-child uagb-buttons__outer-wrap uagb-block-a8799020 wp-block-button is-style-outline\"><div class=\"uagb-button__wrapper\"><a class=\"uagb-buttons-repeater wp-block-button__link\" href=\"https:\/\/zukunftsforschende.de\/index.php\/kompetenzrad\/\" onclick=\"return true;\" rel=\"follow noopener\" target=\"_self\"><div class=\"uagb-button__link\">Mit dem Kompetenzrad starten<\/div><span class=\"uagb-button__icon uagb-button__icon-position-after\"><svg xmlns=\"https:\/\/www.w3.org\/2000\/svg\" viewBox=\"0 0 448 512\"><path d=\"M438.6 278.6l-160 160C272.4 444.9 264.2 448 256 448s-16.38-3.125-22.62-9.375c-12.5-12.5-12.5-32.75 0-45.25L338.8 288H32C14.33 288 .0016 273.7 .0016 256S14.33 224 32 224h306.8l-105.4-105.4c-12.5-12.5-12.5-32.75 0-45.25s32.75-12.5 45.25 0l160 160C451.1 245.9 451.1 266.1 438.6 278.6z\"><\/path><\/svg><\/span><\/a><\/div><\/div>\n<\/div><\/div>\n<\/div>\n\n\n\n<div class=\"wp-block-uagb-container uagb-block-829ca1dd\">\n<div class=\"wp-block-uagb-image uagb-block-33edfea4 wp-block-uagb-image--layout-default wp-block-uagb-image--effect-static wp-block-uagb-image--align-none\"><figure class=\"wp-block-uagb-image__figure\"><img decoding=\"async\" srcset=\"https:\/\/zukunftsforschende.de\/wp-content\/uploads\/2021\/01\/webinar-landing-template-speaker-img-1.jpg , https:\/\/zukunftsforschende.de\/wp-content\/uploads\/2021\/01\/webinar-landing-template-speaker-img-1.jpg 360w\" sizes=\"auto, (max-width: 480px) 150px\" src=\"https:\/\/zukunftsforschende.de\/wp-content\/uploads\/2021\/01\/webinar-landing-template-speaker-img-1.jpg\" alt=\"\" class=\"uag-image-277\" width=\"300\" height=\"400\" title=\"\" loading=\"lazy\"\/><\/figure><\/div>\n<\/div>\n<\/div><\/div>\n\n\n\n<div class=\"wp-block-uagb-container uagb-block-eac39be9 alignfull uagb-is-root-container\"><div class=\"uagb-container-inner-blocks-wrap\">\n<div class=\"wp-block-uagb-container uagb-block-c69cd08b\">\n<div class=\"wp-block-uagb-advanced-heading uagb-block-bfc4c9b7\"><h2 class=\"uagb-heading-text\">Du bist Unternehmer*in und m\u00f6chtest deine Mitarbeitenden schulen?<\/h2><p class=\"uagb-desc-text\">Digitale Kompetenzen werden immer wichtiger. Mitarbeitende, die diese beherrschen sind flexibler, resilienter und damit produktiver. <\/p><\/div>\n\n\n\n<p>3 einfache Schritte machen auch deine Mitarbeitenden gl\u00fccklicher:<\/p>\n\n\n\n<div class=\"wp-block-uagb-icon-list uagb-block-9fa2019e\"><div class=\"uagb-icon-list__wrap\">\n<div class=\"wp-block-uagb-icon-list-child uagb-block-48661929\"><span class=\"uagb-icon-list__source-wrap\"><svg xmlns=\"https:\/\/www.w3.org\/2000\/svg\" viewBox=\"0 0 512 512\"><path d=\"M512 256C512 397.4 397.4 512 256 512C114.6 512 0 397.4 0 256C0 114.6 114.6 0 256 0C397.4 0 512 114.6 512 256z\"><\/path><\/svg><\/span><span class=\"uagb-icon-list__label\">Finde die L\u00fccken in der digitalen Kompetenz\u200b<\/span><\/div>\n\n\n\n<div class=\"wp-block-uagb-icon-list-child uagb-block-e8dabe4f\"><span class=\"uagb-icon-list__source-wrap\"><svg xmlns=\"https:\/\/www.w3.org\/2000\/svg\" viewBox=\"0 0 512 512\"><path d=\"M512 256C512 397.4 397.4 512 256 512C114.6 512 0 397.4 0 256C0 114.6 114.6 0 256 0C397.4 0 512 114.6 512 256z\"><\/path><\/svg><\/span><span class=\"uagb-icon-list__label\">Suche in unserer Liste nach M\u00f6glichkeiten zu Behebung\u200b<\/span><\/div>\n\n\n\n<div class=\"wp-block-uagb-icon-list-child uagb-block-0c55ddb6\"><span class=\"uagb-icon-list__source-wrap\"><svg xmlns=\"https:\/\/www.w3.org\/2000\/svg\" viewBox=\"0 0 512 512\"><path d=\"M512 256C512 397.4 397.4 512 256 512C114.6 512 0 397.4 0 256C0 114.6 114.6 0 256 0C397.4 0 512 114.6 512 256z\"><\/path><\/svg><\/span><span class=\"uagb-icon-list__label\">Gib deinen Mitarbeitenden die M\u00f6glichkeit, sich weiterzubilden\u200b<\/span><\/div>\n<\/div><\/div>\n\n\n\n<div class=\"wp-block-uagb-buttons uagb-buttons__outer-wrap uagb-btn__default-btn uagb-btn-tablet__default-btn uagb-btn-mobile__default-btn uagb-block-4ad5f2b8\"><div class=\"uagb-buttons__wrap uagb-buttons-layout-wrap\">\n<div class=\"wp-block-uagb-buttons-child uagb-buttons__outer-wrap uagb-block-31642687 wp-block-button is-style-outline\"><div class=\"uagb-button__wrapper\"><a class=\"uagb-buttons-repeater wp-block-button__link\" href=\"https:\/\/zukunftsforschende.de\/index.php\/digitale-kompetenzen-erlernen\/\" onclick=\"return true;\" rel=\"follow noopener\" target=\"_self\"><div class=\"uagb-button__link\">Finde Schulungspartner<\/div><span class=\"uagb-button__icon uagb-button__icon-position-after\"><svg xmlns=\"https:\/\/www.w3.org\/2000\/svg\" viewBox=\"0 0 448 512\"><path d=\"M438.6 278.6l-160 160C272.4 444.9 264.2 448 256 448s-16.38-3.125-22.62-9.375c-12.5-12.5-12.5-32.75 0-45.25L338.8 288H32C14.33 288 .0016 273.7 .0016 256S14.33 224 32 224h306.8l-105.4-105.4c-12.5-12.5-12.5-32.75 0-45.25s32.75-12.5 45.25 0l160 160C451.1 245.9 451.1 266.1 438.6 278.6z\"><\/path><\/svg><\/span><\/a><\/div><\/div>\n<\/div><\/div>\n<\/div>\n\n\n\n<div class=\"wp-block-uagb-container uagb-block-dff169e5\">\n<div class=\"wp-block-uagb-image uagb-block-fb646238 wp-block-uagb-image--layout-default wp-block-uagb-image--effect-static wp-block-uagb-image--align-none\"><figure class=\"wp-block-uagb-image__figure\"><img decoding=\"async\" srcset=\"https:\/\/zukunftsforschende.de\/wp-content\/uploads\/2021\/01\/webinar-landing-template-speaker-img-2.jpg , https:\/\/zukunftsforschende.de\/wp-content\/uploads\/2021\/01\/webinar-landing-template-speaker-img-2.jpg 360w\" sizes=\"auto, (max-width: 480px) 150px\" src=\"https:\/\/zukunftsforschende.de\/wp-content\/uploads\/2021\/01\/webinar-landing-template-speaker-img-2.jpg\" alt=\"\" class=\"uag-image-273\" width=\"300\" height=\"400\" title=\"\" loading=\"lazy\"\/><\/figure><\/div>\n<\/div>\n<\/div><\/div>\n\n\n\n<div class=\"wp-block-uagb-container uagb-block-95fc5f61 alignfull uagb-is-root-container\"><div class=\"uagb-container-inner-blocks-wrap\">\n<div class=\"wp-block-uagb-container uagb-block-60104f03\">\n<div class=\"wp-block-uagb-info-box uagb-block-b2dcb860 uagb-infobox__content-wrap  uagb-infobox-icon-above-title uagb-infobox-image-valign-top\"><div class=\"uagb-ifb-content\"><div class=\"uagb-ifb-image-content\"><img decoding=\"async\" src=\"https:\/\/zukunftsforschende.de\/wp-content\/uploads\/2021\/01\/webinar-landing-template-review-img-1.jpg\" alt=\"\" width=\"64\" height=\"64\" loading=\"lazy\"\/><\/div><div class=\"uagb-ifb-title-wrap\"><span class=\"uagb-ifb-title-prefix\">\u201cErst das Kompetenzrad hat mir gezeigt, wo meine St\u00e4rken liegen und wo ich noch besser werden kann. Ich f\u00fchle mich resilienter und kann so besser auf Stress im Berufsleben reagieren.\u201d<\/span><h6 class=\"uagb-ifb-title\">Kelly Catherine\u200b<\/h6><\/div><\/div><\/div>\n<\/div>\n\n\n\n<div class=\"wp-block-uagb-container uagb-block-0c6b236b\">\n<div class=\"wp-block-uagb-info-box uagb-block-70552fd6 uagb-infobox__content-wrap  uagb-infobox-icon-above-title uagb-infobox-image-valign-top\"><div class=\"uagb-ifb-content\"><div class=\"uagb-ifb-image-content\"><img decoding=\"async\" src=\"https:\/\/zukunftsforschende.de\/wp-content\/uploads\/2021\/01\/webinar-landing-template-review-img-2.jpg\" alt=\"\" width=\"64\" height=\"64\" loading=\"lazy\"\/><\/div><div class=\"uagb-ifb-title-wrap\"><span class=\"uagb-ifb-title-prefix\">\u201cMit den gesammelten Informationen zu den Hauptkompetenzfeldern konnte ich die Schulungen durch meinen Arbeitgeber besser auf meine Bed\u00fcrfnisse abstimmen. So werde ich schnell besser.&#8220;<\/span><h6 class=\"uagb-ifb-title\">Amy White\u200b<\/h6><\/div><\/div><\/div>\n<\/div>\n\n\n\n<div class=\"wp-block-uagb-container uagb-block-25e38363\">\n<div class=\"wp-block-uagb-info-box uagb-block-f1f251a1 uagb-infobox__content-wrap  uagb-infobox-icon-above-title uagb-infobox-image-valign-top\"><div class=\"uagb-ifb-content\"><div class=\"uagb-ifb-image-content\"><img decoding=\"async\" src=\"https:\/\/zukunftsforschende.de\/wp-content\/uploads\/2021\/01\/webinar-landing-template-review-img-3.jpg\" alt=\"\" width=\"64\" height=\"64\" loading=\"lazy\"\/><\/div><div class=\"uagb-ifb-title-wrap\"><span class=\"uagb-ifb-title-prefix\">\u201cIch habe meine L\u00fccken erkannt und mit den gezielten \u00dcbungen geschlossen. Der Job macht mir mehr Spa\u00df und ich habe die Freude am Design auf diesem Weg gefunden. Echte Berufung quasi.\u201d<\/span><h6 class=\"uagb-ifb-title\">Teddy Jackson\u200b<\/h6><\/div><\/div><\/div>\n<\/div>\n<\/div><\/div>\n\n\n\n<div class=\"wp-block-uagb-container uagb-block-191c689b alignfull uagb-is-root-container\"><div class=\"uagb-container-inner-blocks-wrap\">\n<div class=\"wp-block-uagb-container uagb-block-5baf179e\">\n<div class=\"wp-block-uagb-advanced-heading uagb-block-fabc70ba\"><h2 class=\"uagb-heading-text\">Bleib auf dem aktuellen Stand!<\/h2><p class=\"uagb-desc-text\">hier kannst du dich f\u00fcr aktuelle News und Entwicklungen in dem Bereich &#8222;Digitale Kompetenzen&#8220; zu unserem Newsletter anmelden.<\/p><\/div>\n\n\n\n<p>Nat\u00fcrlich respektieren wir den gesetzlichen Vorgaben und geben dir die M\u00f6glichkeit, dich jederzeit wieder abzumelden.<\/p>\n\n\n<div class=\"wpforms-container wpforms-block wpforms-block-32e6d583-e056-494f-9d63-96263212761c inline-fields\" id=\"wpforms-126\"><form id=\"wpforms-form-126\" class=\"wpforms-validate wpforms-form\" data-formid=\"126\" method=\"post\" enctype=\"multipart\/form-data\" action=\"\/index.php\/wp-json\/wp\/v2\/pages\/592\" data-token=\"f56247b47f282e12577b007e8cf6fd24\" data-token-time=\"1775539333\"><noscript class=\"wpforms-error-noscript\">Bitte aktivieren Sie JavaScript in Ihrem Browser, um dieses Formular fertigzustellen.<\/noscript><div class=\"wpforms-field-container\"><div id=\"wpforms-126-field_1-container\" class=\"wpforms-field wpforms-field-email wpforms-mobile-full\" data-field-id=\"1\"><label class=\"wpforms-field-label wpforms-label-hide\" for=\"wpforms-126-field_1\">Email <span class=\"wpforms-required-label\">*<\/span><\/label><input type=\"email\" id=\"wpforms-126-field_1\" class=\"wpforms-field-large wpforms-field-required\" name=\"wpforms[fields][1]\" placeholder=\"Email address\" spellcheck=\"false\" required><\/div><\/div><!-- .wpforms-field-container --><div class=\"wpforms-submit-container\" ><input type=\"hidden\" name=\"wpforms[id]\" value=\"126\"><input type=\"hidden\" name=\"page_title\" value=\"\"><input type=\"hidden\" name=\"page_url\" value=\"https:\/\/zukunftsforschende.de\/index.php\/wp-json\/wp\/v2\/pages\/592\"><input type=\"hidden\" name=\"url_referer\" value=\"\"><button type=\"submit\" name=\"wpforms[submit]\" id=\"wpforms-submit-126\" class=\"wpforms-submit\" data-alt-text=\"Sending...\" data-submit-text=\"Join Newsletter\" aria-live=\"assertive\" value=\"wpforms-submit\">Join Newsletter<\/button><\/div><\/form><\/div>  <!-- .wpforms-container --><\/div>\n<\/div><\/div>\n","protected":false},"excerpt":{"rendered":"<p>Lerne die wichtigsten Dinge Digitale Kompetenz Du arbeitest in der IT und meinst alles zu kennen? Gerade in der Entwicklung der digitalen Kompetenzen kann man nicht weit genug sein. Was sind digitale Kompetenzen? Digitale Kompetenzen sollen dem Inhaber oder der Inhaberin erm\u00f6glichen, sich in der digitalen Welt zurecht zu finden. Im Groben wird in 5 [&hellip;]<\/p>\n","protected":false},"author":1,"featured_media":0,"parent":0,"menu_order":0,"comment_status":"closed","ping_status":"closed","template":"","meta":{"_uag_custom_page_level_css":"","site-sidebar-layout":"no-sidebar","site-content-layout":"page-builder","ast-site-content-layout":"full-width-container","site-content-style":"unboxed","site-sidebar-style":"unboxed","ast-global-header-display":"","ast-banner-title-visibility":"","ast-main-header-display":"","ast-hfb-above-header-display":"","ast-hfb-below-header-display":"","ast-hfb-mobile-header-display":"","site-post-title":"disabled","ast-breadcrumbs-content":"","ast-featured-img":"disabled","footer-sml-layout":"","ast-disable-related-posts":"","theme-transparent-header-meta":"enabled","adv-header-id-meta":"","stick-header-meta":"","header-above-stick-meta":"","header-main-stick-meta":"","header-below-stick-meta":"","astra-migrate-meta-layouts":"set","ast-page-background-enabled":"default","ast-page-background-meta":{"desktop":{"background-color":"","background-image":"","background-repeat":"repeat","background-position":"center center","background-size":"auto","background-attachment":"scroll","background-type":"","background-media":"","overlay-type":"","overlay-color":"","overlay-opacity":"","overlay-gradient":""},"tablet":{"background-color":"","background-image":"","background-repeat":"repeat","background-position":"center center","background-size":"auto","background-attachment":"scroll","background-type":"","background-media":"","overlay-type":"","overlay-color":"","overlay-opacity":"","overlay-gradient":""},"mobile":{"background-color":"","background-image":"","background-repeat":"repeat","background-position":"center center","background-size":"auto","background-attachment":"scroll","background-type":"","background-media":"","overlay-type":"","overlay-color":"","overlay-opacity":"","overlay-gradient":""}},"ast-content-background-meta":{"desktop":{"background-color":"var(--ast-global-color-5)","background-image":"","background-repeat":"repeat","background-position":"center center","background-size":"auto","background-attachment":"scroll","background-type":"","background-media":"","overlay-type":"","overlay-color":"","overlay-opacity":"","overlay-gradient":""},"tablet":{"background-color":"var(--ast-global-color-5)","background-image":"","background-repeat":"repeat","background-position":"center center","background-size":"auto","background-attachment":"scroll","background-type":"","background-media":"","overlay-type":"","overlay-color":"","overlay-opacity":"","overlay-gradient":""},"mobile":{"background-color":"var(--ast-global-color-5)","background-image":"","background-repeat":"repeat","background-position":"center center","background-size":"auto","background-attachment":"scroll","background-type":"","background-media":"","overlay-type":"","overlay-color":"","overlay-opacity":"","overlay-gradient":""}},"footnotes":""},"class_list":["post-592","page","type-page","status-publish","hentry"],"uagb_featured_image_src":{"full":false,"thumbnail":false,"medium":false,"medium_large":false,"large":false,"1536x1536":false,"2048x2048":false},"uagb_author_info":{"display_name":"admin","author_link":"https:\/\/zukunftsforschende.de\/index.php\/author\/rene_1vobrsi7\/"},"uagb_comment_info":0,"uagb_excerpt":"Lerne die wichtigsten Dinge Digitale Kompetenz Du arbeitest in der IT und meinst alles zu kennen? Gerade in der Entwicklung der digitalen Kompetenzen kann man nicht weit genug sein. Was sind digitale Kompetenzen? Digitale Kompetenzen sollen dem Inhaber oder der Inhaberin erm\u00f6glichen, sich in der digitalen Welt zurecht zu finden. Im Groben wird in 5&hellip;","_links":{"self":[{"href":"https:\/\/zukunftsforschende.de\/index.php\/wp-json\/wp\/v2\/pages\/592","targetHints":{"allow":["GET"]}}],"collection":[{"href":"https:\/\/zukunftsforschende.de\/index.php\/wp-json\/wp\/v2\/pages"}],"about":[{"href":"https:\/\/zukunftsforschende.de\/index.php\/wp-json\/wp\/v2\/types\/page"}],"author":[{"embeddable":true,"href":"https:\/\/zukunftsforschende.de\/index.php\/wp-json\/wp\/v2\/users\/1"}],"replies":[{"embeddable":true,"href":"https:\/\/zukunftsforschende.de\/index.php\/wp-json\/wp\/v2\/comments?post=592"}],"version-history":[{"count":29,"href":"https:\/\/zukunftsforschende.de\/index.php\/wp-json\/wp\/v2\/pages\/592\/revisions"}],"predecessor-version":[{"id":981,"href":"https:\/\/zukunftsforschende.de\/index.php\/wp-json\/wp\/v2\/pages\/592\/revisions\/981"}],"wp:attachment":[{"href":"https:\/\/zukunftsforschende.de\/index.php\/wp-json\/wp\/v2\/media?parent=592"}],"curies":[{"name":"wp","href":"https:\/\/api.w.org\/{rel}","templated":true}]}}