{"id":33,"date":"2023-06-03T09:48:21","date_gmt":"2023-06-03T08:48:21","guid":{"rendered":"https:\/\/zukunftsforschende.de\/?page_id=33"},"modified":"2023-09-18T13:41:15","modified_gmt":"2023-09-18T12:41:15","slug":"digitale-kompetenzen","status":"publish","type":"page","link":"https:\/\/zukunftsforschende.de\/index.php\/digitale-kompetenzen\/","title":{"rendered":"Digitale Kompetenzen"},"content":{"rendered":"\n<p>Mit dem folgenden Link k\u00f6nnen Sie feststellen, wie fit Sie in der Anwendung digitaler Kompetenzen sind.<\/p>\n\n\n\n<p><a href=\"https:\/\/www.wbstraining.de\/selbsttest-digitale-kompetenz\/\" target=\"_blank\" rel=\"noreferrer noopener\">https:\/\/www.wbstraining.de\/selbsttest-digitale-kompetenz\/<\/a><\/p>\n\n\n\n<p>Der Selbsttest zeigt Ihnen, welche Bereiche sie st\u00e4rker ausbilden sollten und bietet Ihnen \u00fcber unseren Schulungspartner WBS Training angepasste Angebote.<br>Dieser Test ist komplett anonym und wird lediglich in ihrem Browser ausgef\u00fchrt, so lange sie sich nicht f\u00fcr einen der angebotenen Kurse anmelden. (Dann werde Ihre Daten entsprechend abgefragt.)<\/p>\n\n\n\n<p>Das folgende Schaubild zeigt Ihnen, welche digitalen Kompetenzen es gibt und wie diese zusammenh\u00e4ngen. Die Kompetenzen sind dabei in Kompetenzbereichen aufgeschl\u00fcsselt. Je nach Auswertung k\u00f6nnen Sie so feststellen, welche Handlungskompetenzen ebenfalls zu den entsprechenden Handlungskompetenzbereichen geh\u00f6ren.<\/p>\n\n\n\n<figure class=\"wp-block-image size-large\"><img loading=\"lazy\" decoding=\"async\" width=\"1024\" height=\"541\" src=\"https:\/\/zukunftsforschende.de\/wp-content\/uploads\/2023\/09\/image-1024x541.png\" alt=\"\" class=\"wp-image-89\" srcset=\"https:\/\/zukunftsforschende.de\/wp-content\/uploads\/2023\/09\/image-1024x541.png 1024w, https:\/\/zukunftsforschende.de\/wp-content\/uploads\/2023\/09\/image-300x158.png 300w, https:\/\/zukunftsforschende.de\/wp-content\/uploads\/2023\/09\/image-768x405.png 768w, https:\/\/zukunftsforschende.de\/wp-content\/uploads\/2023\/09\/image.png 1411w\" sizes=\"auto, (max-width: 1024px) 100vw, 1024px\" \/><figcaption class=\"wp-element-caption\">(Quelle: <a rel=\"noreferrer noopener\" href=\"https:\/\/www.kompetence.ch\/digitalegrundkompetenzen_definition.cfm\" target=\"_blank\">https:\/\/www.kompetence.ch\/digitalegrundkompetenzen_definition.cfm<\/a>)<\/figcaption><\/figure>\n\n\n\n<p>Wir haben die wichtigsten Handlungskompetenzbereiche auf den folgenden Seiten nochmal zusammengefast und n\u00e4her erl\u00e4utert. Sie finden diese \u00fcben im Men\u00fc.<\/p>\n\n\n\n<p>F\u00fcr ein schnelles Training der digitalen Kompetenzen k\u00f6nnen wir den kostenlosen Kurs der bootcamp academy empfehlen.<br>Der Kurs zur digitalen Kompetenz findet sich <a href=\"https:\/\/bootstrap.academy\/courses\/medienkompetenz\" data-type=\"link\" data-id=\"https:\/\/bootstrap.academy\/courses\/medienkompetenz\">HIER<\/a><\/p>\n","protected":false},"excerpt":{"rendered":"<p>Mit dem folgenden Link k\u00f6nnen Sie feststellen, wie fit Sie in der Anwendung digitaler Kompetenzen sind. https:\/\/www.wbstraining.de\/selbsttest-digitale-kompetenz\/ Der Selbsttest zeigt Ihnen, welche Bereiche sie st\u00e4rker ausbilden sollten und bietet Ihnen \u00fcber unseren Schulungspartner WBS Training angepasste Angebote.Dieser Test ist komplett anonym und wird lediglich in ihrem Browser ausgef\u00fchrt, so lange sie sich nicht f\u00fcr einen [&hellip;]<\/p>\n","protected":false},"author":1,"featured_media":0,"parent":0,"menu_order":0,"comment_status":"closed","ping_status":"closed","template":"","meta":{"_uag_custom_page_level_css":"","site-sidebar-layout":"default","site-content-layout":"default","ast-site-content-layout":"default","site-content-style":"default","site-sidebar-style":"default","ast-global-header-display":"","ast-banner-title-visibility":"","ast-main-header-display":"","ast-hfb-above-header-display":"","ast-hfb-below-header-display":"","ast-hfb-mobile-header-display":"","site-post-title":"","ast-breadcrumbs-content":"","ast-featured-img":"","footer-sml-layout":"","ast-disable-related-posts":"","theme-transparent-header-meta":"default","adv-header-id-meta":"","stick-header-meta":"","header-above-stick-meta":"","header-main-stick-meta":"","header-below-stick-meta":"","astra-migrate-meta-layouts":"set","ast-page-background-enabled":"default","ast-page-background-meta":{"desktop":{"background-color":"","background-image":"","background-repeat":"repeat","background-position":"center center","background-size":"auto","background-attachment":"scroll","background-type":"","background-media":"","overlay-type":"","overlay-color":"","overlay-opacity":"","overlay-gradient":""},"tablet":{"background-color":"","background-image":"","background-repeat":"repeat","background-position":"center center","background-size":"auto","background-attachment":"scroll","background-type":"","background-media":"","overlay-type":"","overlay-color":"","overlay-opacity":"","overlay-gradient":""},"mobile":{"background-color":"","background-image":"","background-repeat":"repeat","background-position":"center center","background-size":"auto","background-attachment":"scroll","background-type":"","background-media":"","overlay-type":"","overlay-color":"","overlay-opacity":"","overlay-gradient":""}},"ast-content-background-meta":{"desktop":{"background-color":"var(--ast-global-color-5)","background-image":"","background-repeat":"repeat","background-position":"center center","background-size":"auto","background-attachment":"scroll","background-type":"","background-media":"","overlay-type":"","overlay-color":"","overlay-opacity":"","overlay-gradient":""},"tablet":{"background-color":"var(--ast-global-color-5)","background-image":"","background-repeat":"repeat","background-position":"center center","background-size":"auto","background-attachment":"scroll","background-type":"","background-media":"","overlay-type":"","overlay-color":"","overlay-opacity":"","overlay-gradient":""},"mobile":{"background-color":"var(--ast-global-color-5)","background-image":"","background-repeat":"repeat","background-position":"center center","background-size":"auto","background-attachment":"scroll","background-type":"","background-media":"","overlay-type":"","overlay-color":"","overlay-opacity":"","overlay-gradient":""}},"footnotes":""},"class_list":["post-33","page","type-page","status-publish","hentry"],"uagb_featured_image_src":{"full":false,"thumbnail":false,"medium":false,"medium_large":false,"large":false,"1536x1536":false,"2048x2048":false},"uagb_author_info":{"display_name":"admin","author_link":"https:\/\/zukunftsforschende.de\/index.php\/author\/rene_1vobrsi7\/"},"uagb_comment_info":0,"uagb_excerpt":"Mit dem folgenden Link k\u00f6nnen Sie feststellen, wie fit Sie in der Anwendung digitaler Kompetenzen sind. https:\/\/www.wbstraining.de\/selbsttest-digitale-kompetenz\/ Der Selbsttest zeigt Ihnen, welche Bereiche sie st\u00e4rker ausbilden sollten und bietet Ihnen \u00fcber unseren Schulungspartner WBS Training angepasste Angebote.Dieser Test ist komplett anonym und wird lediglich in ihrem Browser ausgef\u00fchrt, so lange sie sich nicht f\u00fcr einen&hellip;","_links":{"self":[{"href":"https:\/\/zukunftsforschende.de\/index.php\/wp-json\/wp\/v2\/pages\/33","targetHints":{"allow":["GET"]}}],"collection":[{"href":"https:\/\/zukunftsforschende.de\/index.php\/wp-json\/wp\/v2\/pages"}],"about":[{"href":"https:\/\/zukunftsforschende.de\/index.php\/wp-json\/wp\/v2\/types\/page"}],"author":[{"embeddable":true,"href":"https:\/\/zukunftsforschende.de\/index.php\/wp-json\/wp\/v2\/users\/1"}],"replies":[{"embeddable":true,"href":"https:\/\/zukunftsforschende.de\/index.php\/wp-json\/wp\/v2\/comments?post=33"}],"version-history":[{"count":10,"href":"https:\/\/zukunftsforschende.de\/index.php\/wp-json\/wp\/v2\/pages\/33\/revisions"}],"predecessor-version":[{"id":125,"href":"https:\/\/zukunftsforschende.de\/index.php\/wp-json\/wp\/v2\/pages\/33\/revisions\/125"}],"wp:attachment":[{"href":"https:\/\/zukunftsforschende.de\/index.php\/wp-json\/wp\/v2\/media?parent=33"}],"curies":[{"name":"wp","href":"https:\/\/api.w.org\/{rel}","templated":true}]}}